{"id":8362,"date":"2022-03-01T10:03:34","date_gmt":"2022-03-01T15:03:34","guid":{"rendered":"https:\/\/repsemun.com\/?page_id=8362"},"modified":"2022-03-07T21:15:37","modified_gmt":"2022-03-08T02:15:37","slug":"asistencia-en-viajes","status":"publish","type":"page","link":"https:\/\/repsemun.com\/index.php\/asistencia-en-viajes\/","title":{"rendered":"Asistencia en Viajes"},"content":{"rendered":"<p>[vc_row full_width=&#8221;stretch_row&#8221; content_placement=&#8221;middle&#8221; css=&#8221;.vc_custom_1646150064749{margin-bottom: 8vh !important;padding-top: 12vh !important;padding-bottom: 14vh !important;background-image: url(https:\/\/repsemun.com\/wp-content\/uploads\/2022\/02\/seguro-de-viaje.jpg?id=7941) !important;background-position: center !important;background-repeat: no-repeat !important;background-size: cover !important;}&#8221; mobile_bg_img_hidden=&#8221;no&#8221; tablet_bg_img_hidden=&#8221;no&#8221; woodmart_parallax=&#8221;0&#8243; woodmart_gradient_switch=&#8221;no&#8221; row_reverse_mobile=&#8221;0&#8243; row_reverse_tablet=&#8221;0&#8243; woodmart_disable_overflow=&#8221;0&#8243;][vc_column width=&#8221;1\/3&#8243; css=&#8221;.vc_custom_1615820804014{padding-top: 40px !important;}&#8221; mobile_bg_img_hidden=&#8221;no&#8221; tablet_bg_img_hidden=&#8221;no&#8221; woodmart_parallax=&#8221;0&#8243; woodmart_sticky_column=&#8221;false&#8221; parallax_scroll=&#8221;no&#8221; mobile_reset_margin=&#8221;no&#8221; tablet_reset_margin=&#8221;no&#8221; offset=&#8221;vc_col-lg-offset-3 vc_col-lg-3 vc_col-md-offset-3 vc_col-md-3 vc_col-sm-offset-1 vc_col-xs-5&#8243;][vc_single_image image=&#8221;7939&#8243; img_size=&#8221;220&#215;220&#8243; style=&#8221;vc_box_circle_2&#8243; parallax_scroll=&#8221;no&#8221; css=&#8221;.vc_custom_1646150086278{margin-bottom: 0px !important;}&#8221; woodmart_inline=&#8221;no&#8221;][\/vc_column][vc_column width=&#8221;7\/12&#8243; woodmart_color_scheme=&#8221;light&#8221; css=&#8221;.vc_custom_1615820889760{padding-top: 20px !important;}&#8221; mobile_bg_img_hidden=&#8221;no&#8221; tablet_bg_img_hidden=&#8221;no&#8221; woodmart_parallax=&#8221;0&#8243; woodmart_sticky_column=&#8221;false&#8221; parallax_scroll=&#8221;no&#8221; mobile_reset_margin=&#8221;no&#8221; tablet_reset_margin=&#8221;no&#8221; offset=&#8221;vc_col-lg-6 vc_col-md-6&#8243;]\t\t\n\t\t<div id=\"wd-621e7042b360e\" class=\"title-wrapper wd-wpb set-mb-s reset-last-child  wd-title-color-primary wd-title-style-default wd-width-70 text-left vc_custom_1646161992219 wd-title-empty\">\n\t\t\t\n\t\t\t<div class=\"liner-continer\">\n\t\t\t\t<h4 class=\"woodmart-title-container title  wd-font-weight- wd-fontsize-xxxl\" ><\/h4>\n\t\t\t\t\t\t\t<\/div>\n\t\t\t\n\t\t\t\n\t\t\t\t\t<\/div>\n\t\t\n\t\t[vc_row_inner content_placement=&#8221;middle&#8221; row_reverse_mobile=&#8221;0&#8243; row_reverse_tablet=&#8221;0&#8243;][vc_column_inner width=&#8221;1\/2&#8243; css=&#8221;.vc_custom_1615558941549{padding-top: 0px !important;}&#8221; offset=&#8221;vc_col-lg-4&#8243;][\/vc_column_inner][vc_column_inner width=&#8221;1\/2&#8243; offset=&#8221;vc_hidden-md vc_hidden-sm vc_hidden-xs&#8221;][\/vc_column_inner][\/vc_row_inner][\/vc_column][\/vc_row][vc_row][vc_column css=&#8221;.vc_custom_1615559088876{padding-top: 0px !important;}&#8221; mobile_bg_img_hidden=&#8221;no&#8221; tablet_bg_img_hidden=&#8221;no&#8221; woodmart_parallax=&#8221;0&#8243; woodmart_sticky_column=&#8221;false&#8221; parallax_scroll=&#8221;no&#8221; mobile_reset_margin=&#8221;no&#8221; tablet_reset_margin=&#8221;no&#8221;]\t\t\n\t\t<div id=\"wd-621e3e77e3aef\" class=\"title-wrapper wd-wpb set-mb-s reset-last-child  wd-title-color-primary wd-title-style-default wd-width-100 text-left vc_custom_1646149245369\">\n\t\t\t\n\t\t\t<div class=\"liner-continer\">\n\t\t\t\t<h4 class=\"woodmart-title-container title  wd-font-weight- wd-fontsize-xxl\" >Asistencia en Viajes<\/h4>\n\t\t\t\t\t\t\t<\/div>\n\t\t\t\n\t\t\t\n\t\t\t\t\t<\/div>\n\t\t\n\t\t[\/vc_column][\/vc_row][vc_row][vc_column css=&#8221;.vc_custom_1615559088876{padding-top: 0px !important;}&#8221; mobile_bg_img_hidden=&#8221;no&#8221; tablet_bg_img_hidden=&#8221;no&#8221; woodmart_parallax=&#8221;0&#8243; woodmart_sticky_column=&#8221;false&#8221; parallax_scroll=&#8221;no&#8221; mobile_reset_margin=&#8221;no&#8221; tablet_reset_margin=&#8221;no&#8221;]\t\t\t<div class=\"info-box-wrapper \">\n\t\t\t\t<div id=\"wd-621e3937454fb\" class=\" wd-info-box wd-wpb text-left box-icon-align-top box-style- color-scheme- wd-bg-none vc_custom_1646147910285\"  >\n\t\t\t\t\t\t\t\t\t\t<div class=\"info-box-content\">\n\t\t\t\t\t\t\t\t\t\t\t\t<div class=\"info-box-inner set-cont-mb-s reset-last-child\">\n\t\t\t\t\t\t\t<p>Todo viajero quiere sentirse protegido lejos de casa. Saber que ante cualquier inconveniente tendr\u00e1 siempre a quien llamar. Alguien que le brinde la asistencia que requiera. Asistencia m\u00e9dica, ante p\u00e9rdida de equipaje o demora de un vuelo, estaremos ah\u00ed para ayudar.<\/p>\n<p>En Universal Assistance hemos desarrollado durante a\u00f1os una extensa red mundial de servicios de asistencia, que puede activarse cuando m\u00e1s se necesita, en cualquier lugar.<\/p>\n\t\t\t\t\t\t<\/div>\n\n\t\t\t\t\t\t\n\t\t\t\t\t<\/div>\n\n\t\t\t\t\t<style><\/style>\t\t\t\t<\/div>\n\t\t\t<\/div>\n\t\t\n\t\t\t<!-- START video asistencia REVOLUTION SLIDER 6.5.15 --><p class=\"rs-p-wp-fix\"><\/p>\n\t\t\t<rs-module-wrap id=\"woodmart-video-layout_wrapper\" data-source=\"gallery\" style=\"visibility:hidden;background:#212121;padding:0;\">\n\t\t\t\t<rs-module id=\"woodmart-video-layout\" style=\"\" data-version=\"6.5.15\">\n\t\t\t\t\t<rs-slides>\n\t\t\t\t\t\t<rs-slide style=\"position: absolute;\" data-key=\"rs-113\" data-title=\"Slide\" data-in=\"o:0;\" data-out=\"a:false;\">\n\t\t\t\t\t\t\t<img loading=\"lazy\" decoding=\"async\" src=\"\/\/repsemun.com\/wp-content\/plugins\/revslider\/public\/assets\/assets\/dummy.png\" alt=\"\" title=\"Celestyal-Cruises.jpg\" width=\"2560\" height=\"1897\" class=\"rev-slidebg tp-rs-img rs-lazyload\" data-lazyload=\"\/\/img.youtube.com\/vi\/imZOdQ-J45Y\/sddefault.jpg\" data-no-retina>\n\t\t\t\t\t\t\t<rs-bgvideo \n\t\t\t\t\t\t\t\tdata-video=\"vc:none;w:100%;h:100%;sta:00:08;end:00:38;nse:false;l:loop;ptimer:true;\"\n\t\t\t\t\t\t\t\tdata-ytid=\"imZOdQ-J45Y\"\n\t\t\t\t\t\t\t\tdata-vatr=\"version=3&amp;enablejsapi=1&amp;html5=1&amp;hd=1&amp;wmode=opaque&amp;showinfo=0&amp;rel=0&amp;origin=https:\/\/repsemun.com;\"\n\t\t\t\t\t\t\t><\/rs-bgvideo>\n<!---->\t\t\t\t\t\t<\/rs-slide>\n\t\t\t\t\t<\/rs-slides>\n\t\t\t\t<\/rs-module>\n\t\t\t\t<script>\n\t\t\t\t\tsetREVStartSize({c: 'woodmart-video-layout',rl:[1240,1024,778,480],el:[867.986,768,960,720],gw:[1140,1024,778,480],gh:[868,768,960,720],type:'hero',justify:'',layout:'fullscreen',offsetContainer:'',offset:'',mh:\"0\"});if (window.RS_MODULES!==undefined && window.RS_MODULES.modules!==undefined && window.RS_MODULES.modules[\"woodmartvideolayout\"]!==undefined) {window.RS_MODULES.modules[\"woodmartvideolayout\"].once = false;window.revapi47 = undefined;if (window.RS_MODULES.checkMinimal!==undefined) window.RS_MODULES.checkMinimal()}\n\t\t\t\t<\/script>\n\t\t\t\t<script src=\"https:\/\/www.youtube.com\/iframe_api\"><\/script>\n\t\t\t<\/rs-module-wrap>\n\t\t\t<!-- END REVOLUTION SLIDER -->\n[\/vc_column][\/vc_row][vc_row][vc_column css=&#8221;.vc_custom_1615559088876{padding-top: 0px !important;}&#8221; mobile_bg_img_hidden=&#8221;no&#8221; tablet_bg_img_hidden=&#8221;no&#8221; woodmart_parallax=&#8221;0&#8243; woodmart_sticky_column=&#8221;false&#8221; parallax_scroll=&#8221;no&#8221; mobile_reset_margin=&#8221;no&#8221; tablet_reset_margin=&#8221;no&#8221;][vc_row_inner][vc_column_inner css=&#8221;.vc_custom_1646141850626{border-bottom-width: 10px !important;padding-bottom: 10px !important;}&#8221;][\/vc_column_inner][\/vc_row_inner][\/vc_column][\/vc_row][vc_row css=&#8221;.vc_custom_1646081780688{margin-bottom: 5vh !important;}&#8221; mobile_bg_img_hidden=&#8221;no&#8221; tablet_bg_img_hidden=&#8221;no&#8221; woodmart_parallax=&#8221;0&#8243; woodmart_gradient_switch=&#8221;no&#8221; row_reverse_mobile=&#8221;0&#8243; row_reverse_tablet=&#8221;0&#8243; woodmart_disable_overflow=&#8221;0&#8243;][vc_column video_bg=&#8221;yes&#8221; video_bg_url=&#8221;https:\/\/youtu.be\/DKKQc45ICAA&#8221; width=&#8221;1\/3&#8243; css=&#8221;.vc_custom_1646083137604{padding-top: 0px !important;}&#8221; offset=&#8221;vc_col-lg-4 vc_col-md-4 vc_col-xs-12&#8243; mobile_bg_img_hidden=&#8221;no&#8221; tablet_bg_img_hidden=&#8221;no&#8221; woodmart_parallax=&#8221;0&#8243; woodmart_sticky_column=&#8221;false&#8221; parallax_scroll=&#8221;no&#8221; mobile_reset_margin=&#8221;no&#8221; tablet_reset_margin=&#8221;no&#8221;][vc_single_image image=&#8221;7962&#8243; img_size=&#8221;full&#8221; parallax_scroll=&#8221;no&#8221; css=&#8221;.vc_custom_1646150154800{margin-bottom: 30px !important;}&#8221; woodmart_inline=&#8221;no&#8221;][\/vc_column][vc_column width=&#8221;2\/3&#8243; css=&#8221;.vc_custom_1646083946412{padding-top: 10px !important;padding-right: 10px !important;padding-bottom: 10px !important;padding-left: 10px !important;}&#8221; offset=&#8221;vc_col-lg-8 vc_col-md-8 vc_col-xs-12&#8243; mobile_bg_img_hidden=&#8221;no&#8221; tablet_bg_img_hidden=&#8221;no&#8221; woodmart_parallax=&#8221;0&#8243; woodmart_sticky_column=&#8221;false&#8221; parallax_scroll=&#8221;no&#8221; mobile_reset_margin=&#8221;no&#8221; tablet_reset_margin=&#8221;no&#8221;]\t\t\n\t\t<div id=\"wd-621e706ee8faa\" class=\"title-wrapper wd-wpb set-mb-s reset-last-child  wd-title-color-primary wd-title-style-default wd-width-100 text-left vc_custom_1646162039999\">\n\t\t\t\n\t\t\t<div class=\"liner-continer\">\n\t\t\t\t<h4 class=\"woodmart-title-container title  wd-font-weight- wd-fontsize-xxl\" >Por qu\u00e9 Universal Assistance?<\/h4>\n\t\t\t\t\t\t\t<\/div>\n\t\t\t\n\t\t\t\n\t\t\t\t\t<\/div>\n\t\t\n\t\t[vc_single_image image=&#8221;8366&#8243; img_size=&#8221;large&#8221; parallax_scroll=&#8221;no&#8221; css=&#8221;.vc_custom_1646148970688{margin-bottom: 30px !important;}&#8221; woodmart_inline=&#8221;no&#8221;][vc_single_image image=&#8221;8370&#8243; img_size=&#8221;full&#8221; parallax_scroll=&#8221;no&#8221; css=&#8221;.vc_custom_1646149908858{margin-bottom: 30px !important;}&#8221; woodmart_inline=&#8221;no&#8221;][\/vc_column][\/vc_row][vc_row][vc_column][vc_row_inner content_placement=&#8221;middle&#8221; woodmart_bg_position=&#8221;right-center&#8221; css=&#8221;.vc_custom_1645028856582{margin-right: 0px !important;margin-bottom: 30px !important;margin-left: 0px !important;padding-top: 5% !important;padding-right: 5% !important;padding-bottom: 5% !important;padding-left: 5% !important;background: #1e73be url(https:\/\/repsemun.com\/wp-content\/uploads\/2021\/03\/quotes-bg.png?id=7142) !important;background-position: 0 0 !important;background-repeat: no-repeat !important;}&#8221; row_reverse_mobile=&#8221;0&#8243; row_reverse_tablet=&#8221;0&#8243;][vc_column_inner css=&#8221;.vc_custom_1615562511218{padding-top: 0px !important;}&#8221; offset=&#8221;vc_col-lg-9 vc_col-md-12 vc_col-xs-12&#8243;]\t\t\t<div id=\"wd-620d25d4ddbec\" class=\"wd-text-block-wrapper wd-wpb color-scheme-light wd-width-100 text-left vc_custom_1645028836670\">\n\t\t\t\t<div class=\"woodmart-title-container woodmart-text-block reset-last-child font-primary wd-font-weight-600 \">\n\t\t\t\t\tNo hay secretos para el \u00e9xito. Es el resultado de la preparaci\u00f3n, el trabajo duro y el aprendizaje del fracaso.\t\t\t\t<\/div>\n\t\t\t\t\t\t\t<\/div>\n\t\t[vc_column_text woodmart_color_scheme=&#8221;light&#8221; text_larger=&#8221;no&#8221; el_class=&#8221;text-larger font-text&#8221; css=&#8221;.vc_custom_1617632086497{margin-right: 25px !important;margin-bottom: 0px !important;}&#8221; woodmart_inline=&#8221;yes&#8221;]By <span style=\"color: #ffffff;\">Robert Fox[\/vc_column_text][vc_single_image image=&#8221;8490&#8243; img_size=&#8221;86&#215;60&#8243; css=&#8221;.vc_custom_1646705733840{margin-bottom: 0px !important;}&#8221; woodmart_inline=&#8221;yes&#8221; parallax_scroll=&#8221;no&#8221;][\/vc_column_inner][\/vc_row_inner][\/vc_column][\/vc_row][vc_row][vc_column][vc_column_text]<\/span>[\/vc_column_text][\/vc_column][\/vc_row]<\/p>\n","protected":false},"excerpt":{"rendered":"<p>[vc_row full_width=&#8221;stretch_row&#8221; content_placement=&#8221;middle&#8221; css=&#8221;.vc_custom_1646150064749{margin-bottom: 8vh !important;padding-top: 12vh !important;padding-bottom: 14vh !important;background-image: url(https:\/\/repsemun.com\/wp-content\/uploads\/2022\/02\/seguro-de-viaje.jpg?id=7941) !important;background-position: center !important;background-repeat: no-repeat !important;background-size: cover !important;}&#8221; mobile_bg_img_hidden=&#8221;no&#8221; tablet_bg_img_hidden=&#8221;no&#8221;<\/p>\n","protected":false},"author":2,"featured_media":0,"parent":0,"menu_order":0,"comment_status":"closed","ping_status":"closed","template":"","meta":{"footnotes":""},"class_list":["post-8362","page","type-page","status-publish","hentry"],"_links":{"self":[{"href":"https:\/\/repsemun.com\/index.php\/wp-json\/wp\/v2\/pages\/8362","targetHints":{"allow":["GET"]}}],"collection":[{"href":"https:\/\/repsemun.com\/index.php\/wp-json\/wp\/v2\/pages"}],"about":[{"href":"https:\/\/repsemun.com\/index.php\/wp-json\/wp\/v2\/types\/page"}],"author":[{"embeddable":true,"href":"https:\/\/repsemun.com\/index.php\/wp-json\/wp\/v2\/users\/2"}],"replies":[{"embeddable":true,"href":"https:\/\/repsemun.com\/index.php\/wp-json\/wp\/v2\/comments?post=8362"}],"version-history":[{"count":1,"href":"https:\/\/repsemun.com\/index.php\/wp-json\/wp\/v2\/pages\/8362\/revisions"}],"predecessor-version":[{"id":8513,"href":"https:\/\/repsemun.com\/index.php\/wp-json\/wp\/v2\/pages\/8362\/revisions\/8513"}],"wp:attachment":[{"href":"https:\/\/repsemun.com\/index.php\/wp-json\/wp\/v2\/media?parent=8362"}],"curies":[{"name":"wp","href":"https:\/\/api.w.org\/{rel}","templated":true}]}}